{"id":8265,"date":"2016-06-11T14:25:44","date_gmt":"2016-06-11T12:25:44","guid":{"rendered":"https:\/\/www.decovera.com\/casa\/"},"modified":"2026-04-15T17:21:05","modified_gmt":"2026-04-15T15:21:05","slug":"casa","status":"publish","type":"page","link":"https:\/\/www.decovera.com\/pt-pt\/","title":{"rendered":"Principal"},"content":{"rendered":"","protected":false},"excerpt":{"rendered":"","protected":false},"author":1,"featured_media":0,"parent":0,"menu_order":0,"comment_status":"closed","ping_status":"closed","template":"","meta":{"_joinchat":[],"footnotes":""},"class_list":["post-8265","page","type-page","status-publish","hentry"],"yoast_head":"<!-- This site is optimized with the Yoast SEO plugin v27.4 - https:\/\/yoast.com\/product\/yoast-seo-wordpress\/ -->\n<title>M\u00f3veis DECOVERA | M\u00f3veis para cabeleireiro e est\u00e9tica<\/title>\n<meta name=\"description\" content=\"Concebemos e fabricamos mobili\u00e1rio artesanal para cabeleireiros e sal\u00f5es de beleza. Conhece-nos!\" \/>\n<meta name=\"robots\" content=\"index, follow, max-snippet:-1, max-image-preview:large, max-video-preview:-1\" \/>\n<link rel=\"canonical\" href=\"https:\/\/www.decovera.com\/pt-pt\/\" \/>\n<meta property=\"og:locale\" content=\"pt_PT\" \/>\n<meta property=\"og:type\" content=\"article\" \/>\n<meta property=\"og:title\" content=\"M\u00f3veis DECOVERA | M\u00f3veis para cabeleireiro e est\u00e9tica\" \/>\n<meta property=\"og:description\" content=\"Concebemos e fabricamos mobili\u00e1rio artesanal para cabeleireiros e sal\u00f5es de beleza. Conhece-nos!\" \/>\n<meta property=\"og:url\" content=\"https:\/\/www.decovera.com\/pt-pt\/\" \/>\n<meta property=\"og:site_name\" content=\"DECOVERA\" \/>\n<meta property=\"article:modified_time\" content=\"2026-04-15T15:21:05+00:00\" \/>\n<meta name=\"twitter:card\" content=\"summary_large_image\" \/>\n<meta name=\"twitter:label1\" content=\"Tempo estimado de leitura\" \/>\n\t<meta name=\"twitter:data1\" content=\"5 minutos\" \/>\n<script type=\"application\/ld+json\" class=\"yoast-schema-graph\">{\"@context\":\"https:\\\/\\\/schema.org\",\"@graph\":[{\"@type\":\"WebPage\",\"@id\":\"https:\\\/\\\/www.decovera.com\\\/pt-pt\\\/\",\"url\":\"https:\\\/\\\/www.decovera.com\\\/pt-pt\\\/\",\"name\":\"M\u00f3veis DECOVERA | M\u00f3veis para cabeleireiro e est\u00e9tica\",\"isPartOf\":{\"@id\":\"https:\\\/\\\/www.decovera.com\\\/#website\"},\"datePublished\":\"2016-06-11T12:25:44+00:00\",\"dateModified\":\"2026-04-15T15:21:05+00:00\",\"description\":\"Concebemos e fabricamos mobili\u00e1rio artesanal para cabeleireiros e sal\u00f5es de beleza. Conhece-nos!\",\"breadcrumb\":{\"@id\":\"https:\\\/\\\/www.decovera.com\\\/pt-pt\\\/#breadcrumb\"},\"inLanguage\":\"pt-PT\",\"potentialAction\":[{\"@type\":\"ReadAction\",\"target\":[\"https:\\\/\\\/www.decovera.com\\\/pt-pt\\\/\"]}]},{\"@type\":\"BreadcrumbList\",\"@id\":\"https:\\\/\\\/www.decovera.com\\\/pt-pt\\\/#breadcrumb\",\"itemListElement\":[{\"@type\":\"ListItem\",\"position\":1,\"name\":\"Portada\",\"item\":\"https:\\\/\\\/www.decovera.com\\\/pt-pt\\\/\"},{\"@type\":\"ListItem\",\"position\":2,\"name\":\"Principal\"}]},{\"@type\":\"WebSite\",\"@id\":\"https:\\\/\\\/www.decovera.com\\\/#website\",\"url\":\"https:\\\/\\\/www.decovera.com\\\/\",\"name\":\"DECOVERA\",\"description\":\"Furniture\",\"potentialAction\":[{\"@type\":\"SearchAction\",\"target\":{\"@type\":\"EntryPoint\",\"urlTemplate\":\"https:\\\/\\\/www.decovera.com\\\/?s={search_term_string}\"},\"query-input\":{\"@type\":\"PropertyValueSpecification\",\"valueRequired\":true,\"valueName\":\"search_term_string\"}}],\"inLanguage\":\"pt-PT\"}]}<\/script>\n<!-- \/ Yoast SEO plugin. -->","yoast_head_json":{"title":"M\u00f3veis DECOVERA | M\u00f3veis para cabeleireiro e est\u00e9tica","description":"Concebemos e fabricamos mobili\u00e1rio artesanal para cabeleireiros e sal\u00f5es de beleza. Conhece-nos!","robots":{"index":"index","follow":"follow","max-snippet":"max-snippet:-1","max-image-preview":"max-image-preview:large","max-video-preview":"max-video-preview:-1"},"canonical":"https:\/\/www.decovera.com\/pt-pt\/","og_locale":"pt_PT","og_type":"article","og_title":"M\u00f3veis DECOVERA | M\u00f3veis para cabeleireiro e est\u00e9tica","og_description":"Concebemos e fabricamos mobili\u00e1rio artesanal para cabeleireiros e sal\u00f5es de beleza. Conhece-nos!","og_url":"https:\/\/www.decovera.com\/pt-pt\/","og_site_name":"DECOVERA","article_modified_time":"2026-04-15T15:21:05+00:00","twitter_card":"summary_large_image","twitter_misc":{"Tempo estimado de leitura":"5 minutos"},"schema":{"@context":"https:\/\/schema.org","@graph":[{"@type":"WebPage","@id":"https:\/\/www.decovera.com\/pt-pt\/","url":"https:\/\/www.decovera.com\/pt-pt\/","name":"M\u00f3veis DECOVERA | M\u00f3veis para cabeleireiro e est\u00e9tica","isPartOf":{"@id":"https:\/\/www.decovera.com\/#website"},"datePublished":"2016-06-11T12:25:44+00:00","dateModified":"2026-04-15T15:21:05+00:00","description":"Concebemos e fabricamos mobili\u00e1rio artesanal para cabeleireiros e sal\u00f5es de beleza. Conhece-nos!","breadcrumb":{"@id":"https:\/\/www.decovera.com\/pt-pt\/#breadcrumb"},"inLanguage":"pt-PT","potentialAction":[{"@type":"ReadAction","target":["https:\/\/www.decovera.com\/pt-pt\/"]}]},{"@type":"BreadcrumbList","@id":"https:\/\/www.decovera.com\/pt-pt\/#breadcrumb","itemListElement":[{"@type":"ListItem","position":1,"name":"Portada","item":"https:\/\/www.decovera.com\/pt-pt\/"},{"@type":"ListItem","position":2,"name":"Principal"}]},{"@type":"WebSite","@id":"https:\/\/www.decovera.com\/#website","url":"https:\/\/www.decovera.com\/","name":"DECOVERA","description":"Furniture","potentialAction":[{"@type":"SearchAction","target":{"@type":"EntryPoint","urlTemplate":"https:\/\/www.decovera.com\/?s={search_term_string}"},"query-input":{"@type":"PropertyValueSpecification","valueRequired":true,"valueName":"search_term_string"}}],"inLanguage":"pt-PT"}]}},"_links":{"self":[{"href":"https:\/\/www.decovera.com\/pt-pt\/wp-json\/wp\/v2\/pages\/8265","targetHints":{"allow":["GET"]}}],"collection":[{"href":"https:\/\/www.decovera.com\/pt-pt\/wp-json\/wp\/v2\/pages"}],"about":[{"href":"https:\/\/www.decovera.com\/pt-pt\/wp-json\/wp\/v2\/types\/page"}],"author":[{"embeddable":true,"href":"https:\/\/www.decovera.com\/pt-pt\/wp-json\/wp\/v2\/users\/1"}],"replies":[{"embeddable":true,"href":"https:\/\/www.decovera.com\/pt-pt\/wp-json\/wp\/v2\/comments?post=8265"}],"version-history":[{"count":5,"href":"https:\/\/www.decovera.com\/pt-pt\/wp-json\/wp\/v2\/pages\/8265\/revisions"}],"predecessor-version":[{"id":9010,"href":"https:\/\/www.decovera.com\/pt-pt\/wp-json\/wp\/v2\/pages\/8265\/revisions\/9010"}],"wp:attachment":[{"href":"https:\/\/www.decovera.com\/pt-pt\/wp-json\/wp\/v2\/media?parent=8265"}],"curies":[{"name":"wp","href":"https:\/\/api.w.org\/{rel}","templated":true}]}}