{"id":8322,"date":"2022-11-04T14:12:05","date_gmt":"2022-11-04T13:12:05","guid":{"rendered":"https:\/\/www.decovera.com\/nos\/"},"modified":"2026-03-16T18:30:26","modified_gmt":"2026-03-16T17:30:26","slug":"nos","status":"publish","type":"page","link":"https:\/\/www.decovera.com\/pt-pt\/nos\/","title":{"rendered":"N\u00f3s"},"content":{"rendered":"","protected":false},"excerpt":{"rendered":"","protected":false},"author":1,"featured_media":0,"parent":0,"menu_order":0,"comment_status":"closed","ping_status":"closed","template":"","meta":{"_joinchat":[],"footnotes":""},"class_list":["post-8322","page","type-page","status-publish","hentry"],"yoast_head":"<!-- This site is optimized with the Yoast SEO plugin v27.5 - https:\/\/yoast.com\/product\/yoast-seo-wordpress\/ -->\n<title>M\u00f3veis DECOVERA | M\u00f3veis para cabeleireiros e sal\u00f5es de beleza<\/title>\n<meta name=\"description\" content=\"Na DECOVERA combinamos a m\u00e3o de obra mais qualificada com a tecnologia mais avan\u00e7ada. Descobre como trabalhamos.\" \/>\n<meta name=\"robots\" content=\"index, follow, max-snippet:-1, max-image-preview:large, max-video-preview:-1\" \/>\n<link rel=\"canonical\" href=\"https:\/\/www.decovera.com\/pt-pt\/nos\/\" \/>\n<meta property=\"og:locale\" content=\"pt_PT\" \/>\n<meta property=\"og:type\" content=\"article\" \/>\n<meta property=\"og:title\" content=\"M\u00f3veis DECOVERA | M\u00f3veis para cabeleireiros e sal\u00f5es de beleza\" \/>\n<meta property=\"og:description\" content=\"Na DECOVERA combinamos a m\u00e3o de obra mais qualificada com a tecnologia mais avan\u00e7ada. Descobre como trabalhamos.\" \/>\n<meta property=\"og:url\" content=\"https:\/\/www.decovera.com\/pt-pt\/nos\/\" \/>\n<meta property=\"og:site_name\" content=\"DECOVERA\" \/>\n<meta property=\"article:modified_time\" content=\"2026-03-16T17:30:26+00:00\" \/>\n<meta name=\"twitter:card\" content=\"summary_large_image\" \/>\n<meta name=\"twitter:label1\" content=\"Tempo estimado de leitura\" \/>\n\t<meta name=\"twitter:data1\" content=\"3 minutos\" \/>\n<script type=\"application\/ld+json\" class=\"yoast-schema-graph\">{\"@context\":\"https:\\\/\\\/schema.org\",\"@graph\":[{\"@type\":\"WebPage\",\"@id\":\"https:\\\/\\\/www.decovera.com\\\/pt-pt\\\/nos\\\/\",\"url\":\"https:\\\/\\\/www.decovera.com\\\/pt-pt\\\/nos\\\/\",\"name\":\"M\u00f3veis DECOVERA | M\u00f3veis para cabeleireiros e sal\u00f5es de beleza\",\"isPartOf\":{\"@id\":\"https:\\\/\\\/www.decovera.com\\\/#website\"},\"datePublished\":\"2022-11-04T13:12:05+00:00\",\"dateModified\":\"2026-03-16T17:30:26+00:00\",\"description\":\"Na DECOVERA combinamos a m\u00e3o de obra mais qualificada com a tecnologia mais avan\u00e7ada. Descobre como trabalhamos.\",\"breadcrumb\":{\"@id\":\"https:\\\/\\\/www.decovera.com\\\/pt-pt\\\/nos\\\/#breadcrumb\"},\"inLanguage\":\"pt-PT\",\"potentialAction\":[{\"@type\":\"ReadAction\",\"target\":[\"https:\\\/\\\/www.decovera.com\\\/pt-pt\\\/nos\\\/\"]}]},{\"@type\":\"BreadcrumbList\",\"@id\":\"https:\\\/\\\/www.decovera.com\\\/pt-pt\\\/nos\\\/#breadcrumb\",\"itemListElement\":[{\"@type\":\"ListItem\",\"position\":1,\"name\":\"Portada\",\"item\":\"https:\\\/\\\/www.decovera.com\\\/pt-pt\\\/\"},{\"@type\":\"ListItem\",\"position\":2,\"name\":\"N\u00f3s\"}]},{\"@type\":\"WebSite\",\"@id\":\"https:\\\/\\\/www.decovera.com\\\/#website\",\"url\":\"https:\\\/\\\/www.decovera.com\\\/\",\"name\":\"DECOVERA\",\"description\":\"Furniture\",\"potentialAction\":[{\"@type\":\"SearchAction\",\"target\":{\"@type\":\"EntryPoint\",\"urlTemplate\":\"https:\\\/\\\/www.decovera.com\\\/?s={search_term_string}\"},\"query-input\":{\"@type\":\"PropertyValueSpecification\",\"valueRequired\":true,\"valueName\":\"search_term_string\"}}],\"inLanguage\":\"pt-PT\"}]}<\/script>\n<!-- \/ Yoast SEO plugin. -->","yoast_head_json":{"title":"M\u00f3veis DECOVERA | M\u00f3veis para cabeleireiros e sal\u00f5es de beleza","description":"Na DECOVERA combinamos a m\u00e3o de obra mais qualificada com a tecnologia mais avan\u00e7ada. Descobre como trabalhamos.","robots":{"index":"index","follow":"follow","max-snippet":"max-snippet:-1","max-image-preview":"max-image-preview:large","max-video-preview":"max-video-preview:-1"},"canonical":"https:\/\/www.decovera.com\/pt-pt\/nos\/","og_locale":"pt_PT","og_type":"article","og_title":"M\u00f3veis DECOVERA | M\u00f3veis para cabeleireiros e sal\u00f5es de beleza","og_description":"Na DECOVERA combinamos a m\u00e3o de obra mais qualificada com a tecnologia mais avan\u00e7ada. Descobre como trabalhamos.","og_url":"https:\/\/www.decovera.com\/pt-pt\/nos\/","og_site_name":"DECOVERA","article_modified_time":"2026-03-16T17:30:26+00:00","twitter_card":"summary_large_image","twitter_misc":{"Tempo estimado de leitura":"3 minutos"},"schema":{"@context":"https:\/\/schema.org","@graph":[{"@type":"WebPage","@id":"https:\/\/www.decovera.com\/pt-pt\/nos\/","url":"https:\/\/www.decovera.com\/pt-pt\/nos\/","name":"M\u00f3veis DECOVERA | M\u00f3veis para cabeleireiros e sal\u00f5es de beleza","isPartOf":{"@id":"https:\/\/www.decovera.com\/#website"},"datePublished":"2022-11-04T13:12:05+00:00","dateModified":"2026-03-16T17:30:26+00:00","description":"Na DECOVERA combinamos a m\u00e3o de obra mais qualificada com a tecnologia mais avan\u00e7ada. Descobre como trabalhamos.","breadcrumb":{"@id":"https:\/\/www.decovera.com\/pt-pt\/nos\/#breadcrumb"},"inLanguage":"pt-PT","potentialAction":[{"@type":"ReadAction","target":["https:\/\/www.decovera.com\/pt-pt\/nos\/"]}]},{"@type":"BreadcrumbList","@id":"https:\/\/www.decovera.com\/pt-pt\/nos\/#breadcrumb","itemListElement":[{"@type":"ListItem","position":1,"name":"Portada","item":"https:\/\/www.decovera.com\/pt-pt\/"},{"@type":"ListItem","position":2,"name":"N\u00f3s"}]},{"@type":"WebSite","@id":"https:\/\/www.decovera.com\/#website","url":"https:\/\/www.decovera.com\/","name":"DECOVERA","description":"Furniture","potentialAction":[{"@type":"SearchAction","target":{"@type":"EntryPoint","urlTemplate":"https:\/\/www.decovera.com\/?s={search_term_string}"},"query-input":{"@type":"PropertyValueSpecification","valueRequired":true,"valueName":"search_term_string"}}],"inLanguage":"pt-PT"}]}},"_links":{"self":[{"href":"https:\/\/www.decovera.com\/pt-pt\/wp-json\/wp\/v2\/pages\/8322","targetHints":{"allow":["GET"]}}],"collection":[{"href":"https:\/\/www.decovera.com\/pt-pt\/wp-json\/wp\/v2\/pages"}],"about":[{"href":"https:\/\/www.decovera.com\/pt-pt\/wp-json\/wp\/v2\/types\/page"}],"author":[{"embeddable":true,"href":"https:\/\/www.decovera.com\/pt-pt\/wp-json\/wp\/v2\/users\/1"}],"replies":[{"embeddable":true,"href":"https:\/\/www.decovera.com\/pt-pt\/wp-json\/wp\/v2\/comments?post=8322"}],"version-history":[{"count":3,"href":"https:\/\/www.decovera.com\/pt-pt\/wp-json\/wp\/v2\/pages\/8322\/revisions"}],"predecessor-version":[{"id":8978,"href":"https:\/\/www.decovera.com\/pt-pt\/wp-json\/wp\/v2\/pages\/8322\/revisions\/8978"}],"wp:attachment":[{"href":"https:\/\/www.decovera.com\/pt-pt\/wp-json\/wp\/v2\/media?parent=8322"}],"curies":[{"name":"wp","href":"https:\/\/api.w.org\/{rel}","templated":true}]}}