{"id":8323,"date":"2022-11-02T13:54:03","date_gmt":"2022-11-02T12:54:03","guid":{"rendered":"https:\/\/www.decovera.com\/salao-roslin\/"},"modified":"2026-03-16T18:23:48","modified_gmt":"2026-03-16T17:23:48","slug":"salao-roslin","status":"publish","type":"page","link":"https:\/\/www.decovera.com\/pt-pt\/salao-roslin\/","title":{"rendered":"Sal\u00e3o ROSLIN"},"content":{"rendered":"","protected":false},"excerpt":{"rendered":"","protected":false},"author":1,"featured_media":0,"parent":0,"menu_order":0,"comment_status":"closed","ping_status":"closed","template":"","meta":{"_joinchat":[],"footnotes":""},"class_list":["post-8323","page","type-page","status-publish","hentry"],"yoast_head":"<!-- This site is optimized with the Yoast SEO plugin v27.5 - https:\/\/yoast.com\/product\/yoast-seo-wordpress\/ -->\n<title>Sala de estar ROSLIN | M\u00f3veis DECOVERA<\/title>\n<meta name=\"description\" content=\"ROSLIN \u00e9 um ambiente contempor\u00e2neo harmonioso. \u00c9 um cadeir\u00e3o com car\u00e1cter, um \u00edcone da decora\u00e7\u00e3o inglesa que exala nobreza e durabilidade.\" \/>\n<meta name=\"robots\" content=\"index, follow, max-snippet:-1, max-image-preview:large, max-video-preview:-1\" \/>\n<link rel=\"canonical\" href=\"https:\/\/www.decovera.com\/pt-pt\/salao-roslin\/\" \/>\n<meta property=\"og:locale\" content=\"pt_PT\" \/>\n<meta property=\"og:type\" content=\"article\" \/>\n<meta property=\"og:title\" content=\"Sala de estar ROSLIN | M\u00f3veis DECOVERA\" \/>\n<meta property=\"og:description\" content=\"ROSLIN \u00e9 um ambiente contempor\u00e2neo harmonioso. \u00c9 um cadeir\u00e3o com car\u00e1cter, um \u00edcone da decora\u00e7\u00e3o inglesa que exala nobreza e durabilidade.\" \/>\n<meta property=\"og:url\" content=\"https:\/\/www.decovera.com\/pt-pt\/salao-roslin\/\" \/>\n<meta property=\"og:site_name\" content=\"DECOVERA\" \/>\n<meta property=\"article:modified_time\" content=\"2026-03-16T17:23:48+00:00\" \/>\n<meta name=\"twitter:card\" content=\"summary_large_image\" \/>\n<meta name=\"twitter:label1\" content=\"Tempo estimado de leitura\" \/>\n\t<meta name=\"twitter:data1\" content=\"3 minutos\" \/>\n<script type=\"application\/ld+json\" class=\"yoast-schema-graph\">{\"@context\":\"https:\\\/\\\/schema.org\",\"@graph\":[{\"@type\":\"WebPage\",\"@id\":\"https:\\\/\\\/www.decovera.com\\\/pt-pt\\\/salao-roslin\\\/\",\"url\":\"https:\\\/\\\/www.decovera.com\\\/pt-pt\\\/salao-roslin\\\/\",\"name\":\"Sala de estar ROSLIN | M\u00f3veis DECOVERA\",\"isPartOf\":{\"@id\":\"https:\\\/\\\/www.decovera.com\\\/#website\"},\"datePublished\":\"2022-11-02T12:54:03+00:00\",\"dateModified\":\"2026-03-16T17:23:48+00:00\",\"description\":\"ROSLIN \u00e9 um ambiente contempor\u00e2neo harmonioso. \u00c9 um cadeir\u00e3o com car\u00e1cter, um \u00edcone da decora\u00e7\u00e3o inglesa que exala nobreza e durabilidade.\",\"breadcrumb\":{\"@id\":\"https:\\\/\\\/www.decovera.com\\\/pt-pt\\\/salao-roslin\\\/#breadcrumb\"},\"inLanguage\":\"pt-PT\",\"potentialAction\":[{\"@type\":\"ReadAction\",\"target\":[\"https:\\\/\\\/www.decovera.com\\\/pt-pt\\\/salao-roslin\\\/\"]}]},{\"@type\":\"BreadcrumbList\",\"@id\":\"https:\\\/\\\/www.decovera.com\\\/pt-pt\\\/salao-roslin\\\/#breadcrumb\",\"itemListElement\":[{\"@type\":\"ListItem\",\"position\":1,\"name\":\"Portada\",\"item\":\"https:\\\/\\\/www.decovera.com\\\/pt-pt\\\/\"},{\"@type\":\"ListItem\",\"position\":2,\"name\":\"Sal\u00e3o ROSLIN\"}]},{\"@type\":\"WebSite\",\"@id\":\"https:\\\/\\\/www.decovera.com\\\/#website\",\"url\":\"https:\\\/\\\/www.decovera.com\\\/\",\"name\":\"DECOVERA\",\"description\":\"Furniture\",\"potentialAction\":[{\"@type\":\"SearchAction\",\"target\":{\"@type\":\"EntryPoint\",\"urlTemplate\":\"https:\\\/\\\/www.decovera.com\\\/?s={search_term_string}\"},\"query-input\":{\"@type\":\"PropertyValueSpecification\",\"valueRequired\":true,\"valueName\":\"search_term_string\"}}],\"inLanguage\":\"pt-PT\"}]}<\/script>\n<!-- \/ Yoast SEO plugin. -->","yoast_head_json":{"title":"Sala de estar ROSLIN | M\u00f3veis DECOVERA","description":"ROSLIN \u00e9 um ambiente contempor\u00e2neo harmonioso. \u00c9 um cadeir\u00e3o com car\u00e1cter, um \u00edcone da decora\u00e7\u00e3o inglesa que exala nobreza e durabilidade.","robots":{"index":"index","follow":"follow","max-snippet":"max-snippet:-1","max-image-preview":"max-image-preview:large","max-video-preview":"max-video-preview:-1"},"canonical":"https:\/\/www.decovera.com\/pt-pt\/salao-roslin\/","og_locale":"pt_PT","og_type":"article","og_title":"Sala de estar ROSLIN | M\u00f3veis DECOVERA","og_description":"ROSLIN \u00e9 um ambiente contempor\u00e2neo harmonioso. \u00c9 um cadeir\u00e3o com car\u00e1cter, um \u00edcone da decora\u00e7\u00e3o inglesa que exala nobreza e durabilidade.","og_url":"https:\/\/www.decovera.com\/pt-pt\/salao-roslin\/","og_site_name":"DECOVERA","article_modified_time":"2026-03-16T17:23:48+00:00","twitter_card":"summary_large_image","twitter_misc":{"Tempo estimado de leitura":"3 minutos"},"schema":{"@context":"https:\/\/schema.org","@graph":[{"@type":"WebPage","@id":"https:\/\/www.decovera.com\/pt-pt\/salao-roslin\/","url":"https:\/\/www.decovera.com\/pt-pt\/salao-roslin\/","name":"Sala de estar ROSLIN | M\u00f3veis DECOVERA","isPartOf":{"@id":"https:\/\/www.decovera.com\/#website"},"datePublished":"2022-11-02T12:54:03+00:00","dateModified":"2026-03-16T17:23:48+00:00","description":"ROSLIN \u00e9 um ambiente contempor\u00e2neo harmonioso. \u00c9 um cadeir\u00e3o com car\u00e1cter, um \u00edcone da decora\u00e7\u00e3o inglesa que exala nobreza e durabilidade.","breadcrumb":{"@id":"https:\/\/www.decovera.com\/pt-pt\/salao-roslin\/#breadcrumb"},"inLanguage":"pt-PT","potentialAction":[{"@type":"ReadAction","target":["https:\/\/www.decovera.com\/pt-pt\/salao-roslin\/"]}]},{"@type":"BreadcrumbList","@id":"https:\/\/www.decovera.com\/pt-pt\/salao-roslin\/#breadcrumb","itemListElement":[{"@type":"ListItem","position":1,"name":"Portada","item":"https:\/\/www.decovera.com\/pt-pt\/"},{"@type":"ListItem","position":2,"name":"Sal\u00e3o ROSLIN"}]},{"@type":"WebSite","@id":"https:\/\/www.decovera.com\/#website","url":"https:\/\/www.decovera.com\/","name":"DECOVERA","description":"Furniture","potentialAction":[{"@type":"SearchAction","target":{"@type":"EntryPoint","urlTemplate":"https:\/\/www.decovera.com\/?s={search_term_string}"},"query-input":{"@type":"PropertyValueSpecification","valueRequired":true,"valueName":"search_term_string"}}],"inLanguage":"pt-PT"}]}},"_links":{"self":[{"href":"https:\/\/www.decovera.com\/pt-pt\/wp-json\/wp\/v2\/pages\/8323","targetHints":{"allow":["GET"]}}],"collection":[{"href":"https:\/\/www.decovera.com\/pt-pt\/wp-json\/wp\/v2\/pages"}],"about":[{"href":"https:\/\/www.decovera.com\/pt-pt\/wp-json\/wp\/v2\/types\/page"}],"author":[{"embeddable":true,"href":"https:\/\/www.decovera.com\/pt-pt\/wp-json\/wp\/v2\/users\/1"}],"replies":[{"embeddable":true,"href":"https:\/\/www.decovera.com\/pt-pt\/wp-json\/wp\/v2\/comments?post=8323"}],"version-history":[{"count":3,"href":"https:\/\/www.decovera.com\/pt-pt\/wp-json\/wp\/v2\/pages\/8323\/revisions"}],"predecessor-version":[{"id":8967,"href":"https:\/\/www.decovera.com\/pt-pt\/wp-json\/wp\/v2\/pages\/8323\/revisions\/8967"}],"wp:attachment":[{"href":"https:\/\/www.decovera.com\/pt-pt\/wp-json\/wp\/v2\/media?parent=8323"}],"curies":[{"name":"wp","href":"https:\/\/api.w.org\/{rel}","templated":true}]}}